{"id":4933,"date":"2022-11-25T13:15:54","date_gmt":"2022-11-25T13:15:54","guid":{"rendered":"https:\/\/sweet-johnson.82-165-61-42.plesk.page\/?post_type=product&#038;p=4933"},"modified":"2022-11-25T13:15:54","modified_gmt":"2022-11-25T13:15:54","slug":"14500-750-mah","status":"publish","type":"product","link":"https:\/\/sweet-johnson.82-165-61-42.plesk.page\/index.php\/product\/14500-750-mah\/","title":{"rendered":"14500-750 mAh"},"content":{"rendered":"<ul class=\"product-details-info\">\n<li>L\u2019OrcaTorch 14500 700mAh est une batterie li-ion haute performance. Il est s\u00fbr et tr\u00e8s convivial, performant et de haute qualit\u00e9. Une batterie 14500 peut \u00eatre recharg\u00e9e plus de 500 fois, l\u2019\u00e9quivalent de 500 batteries non rechargeables.\n<ul class=\"product-details-info\">\n<li>* 700mAh, 3.7V\n<p>* 20g, 14.5mm (diam\u00e8tre) x 53mm (longueur)<\/p>\n<p>* Triple protection contre la surchauffe<\/p>\n<p>* Respectueux de l\u2019environnement et \u00e0 moindre co\u00fbt<\/li>\n<\/ul>\n<\/li>\n<\/ul>\n","protected":false},"excerpt":{"rendered":"<p>Batterie 14500-750 mAh Orcatorch<\/p>\n","protected":false},"featured_media":4934,"comment_status":"closed","ping_status":"closed","template":"","meta":[],"product_cat":[98],"product_tag":[],"class_list":["post-4933","product","type-product","status-publish","has-post-thumbnail","hentry","product_cat-batteries"],"_links":{"self":[{"href":"https:\/\/sweet-johnson.82-165-61-42.plesk.page\/index.php\/wp-json\/wp\/v2\/product\/4933","targetHints":{"allow":["GET"]}}],"collection":[{"href":"https:\/\/sweet-johnson.82-165-61-42.plesk.page\/index.php\/wp-json\/wp\/v2\/product"}],"about":[{"href":"https:\/\/sweet-johnson.82-165-61-42.plesk.page\/index.php\/wp-json\/wp\/v2\/types\/product"}],"replies":[{"embeddable":true,"href":"https:\/\/sweet-johnson.82-165-61-42.plesk.page\/index.php\/wp-json\/wp\/v2\/comments?post=4933"}],"wp:featuredmedia":[{"embeddable":true,"href":"https:\/\/sweet-johnson.82-165-61-42.plesk.page\/index.php\/wp-json\/wp\/v2\/media\/4934"}],"wp:attachment":[{"href":"https:\/\/sweet-johnson.82-165-61-42.plesk.page\/index.php\/wp-json\/wp\/v2\/media?parent=4933"}],"wp:term":[{"taxonomy":"product_cat","embeddable":true,"href":"https:\/\/sweet-johnson.82-165-61-42.plesk.page\/index.php\/wp-json\/wp\/v2\/product_cat?post=4933"},{"taxonomy":"product_tag","embeddable":true,"href":"https:\/\/sweet-johnson.82-165-61-42.plesk.page\/index.php\/wp-json\/wp\/v2\/product_tag?post=4933"}],"curies":[{"name":"wp","href":"https:\/\/api.w.org\/{rel}","templated":true}]}}