{"id":4931,"date":"2022-11-25T13:11:56","date_gmt":"2022-11-25T13:11:56","guid":{"rendered":"https:\/\/sweet-johnson.82-165-61-42.plesk.page\/?post_type=product&#038;p=4931"},"modified":"2022-11-25T13:11:56","modified_gmt":"2022-11-25T13:11:56","slug":"21700-5000mah","status":"publish","type":"product","link":"https:\/\/sweet-johnson.82-165-61-42.plesk.page\/index.php\/product\/21700-5000mah\/","title":{"rendered":"21700-5000mAh"},"content":{"rendered":"<ul class=\"product-details-info\">\n<li>* 3.6V, 18WH\n<p>* 5000mAh grande capacit\u00e9<\/p>\n<p>* Fonction de charge de type C, charge via un c\u00e2ble USB<\/p>\n<p>* Circuit de protection int\u00e9gr\u00e9 contre les surcharges ou les d\u00e9charges excessives<\/p>\n<p>* Appliqu\u00e9 aux lampes de plong\u00e9e OrcaTorch D700 et D710<\/li>\n<\/ul>\n<div class=\"product-details-buy\">\n<div class=\"col-sm-6 col-md-6\">\n<div class=\"row\"><\/div>\n<\/div>\n<\/div>\n","protected":false},"excerpt":{"rendered":"<p>Batterie 21700-5000 mAh Orcatorch<\/p>\n","protected":false},"featured_media":4932,"comment_status":"closed","ping_status":"closed","template":"","meta":[],"product_cat":[98],"product_tag":[],"class_list":["post-4931","product","type-product","status-publish","has-post-thumbnail","hentry","product_cat-batteries"],"_links":{"self":[{"href":"https:\/\/sweet-johnson.82-165-61-42.plesk.page\/index.php\/wp-json\/wp\/v2\/product\/4931","targetHints":{"allow":["GET"]}}],"collection":[{"href":"https:\/\/sweet-johnson.82-165-61-42.plesk.page\/index.php\/wp-json\/wp\/v2\/product"}],"about":[{"href":"https:\/\/sweet-johnson.82-165-61-42.plesk.page\/index.php\/wp-json\/wp\/v2\/types\/product"}],"replies":[{"embeddable":true,"href":"https:\/\/sweet-johnson.82-165-61-42.plesk.page\/index.php\/wp-json\/wp\/v2\/comments?post=4931"}],"wp:featuredmedia":[{"embeddable":true,"href":"https:\/\/sweet-johnson.82-165-61-42.plesk.page\/index.php\/wp-json\/wp\/v2\/media\/4932"}],"wp:attachment":[{"href":"https:\/\/sweet-johnson.82-165-61-42.plesk.page\/index.php\/wp-json\/wp\/v2\/media?parent=4931"}],"wp:term":[{"taxonomy":"product_cat","embeddable":true,"href":"https:\/\/sweet-johnson.82-165-61-42.plesk.page\/index.php\/wp-json\/wp\/v2\/product_cat?post=4931"},{"taxonomy":"product_tag","embeddable":true,"href":"https:\/\/sweet-johnson.82-165-61-42.plesk.page\/index.php\/wp-json\/wp\/v2\/product_tag?post=4931"}],"curies":[{"name":"wp","href":"https:\/\/api.w.org\/{rel}","templated":true}]}}