{"id":4927,"date":"2022-11-24T17:38:24","date_gmt":"2022-11-24T17:38:24","guid":{"rendered":"https:\/\/sweet-johnson.82-165-61-42.plesk.page\/?post_type=product&#038;p=4927"},"modified":"2022-11-24T17:40:07","modified_gmt":"2022-11-24T17:40:07","slug":"sh01","status":"publish","type":"product","link":"https:\/\/sweet-johnson.82-165-61-42.plesk.page\/index.php\/product\/sh01\/","title":{"rendered":"SH01"},"content":{"rendered":"<p>* Crochet de pression de boulon pivotant en acier inoxydable<\/p>\n<p>* Article mat\u00e9riel polyvalent et fiable adapt\u00e9 \u00e0 une utilisation marine et \u00e0 d\u2019autres conditions difficiles<\/p>\n<p>* L\u2019acier inoxydable de qualit\u00e9 sup\u00e9rieure 316 a une r\u00e9sistance \u00e0 la corrosion sup\u00e9rieure \u00e0 celle du grade 304<\/p>\n<p>* La glissi\u00e8re du pouce ouvre la porte &#8211; ferme-ressort automatique pour la s\u00e9curit\u00e9<\/p>\n<p>* 91mm (L) \/47.5g<\/p>\n","protected":false},"excerpt":{"rendered":"<p>* Crochet de pression de boulon pivotant en acier inoxydable * Article mat\u00e9riel polyvalent et fiable adapt\u00e9 \u00e0 une utilisation marine et \u00e0 d\u2019autres conditions difficiles * L\u2019acier inoxydable de qualit\u00e9 sup\u00e9rieure 316 a une r\u00e9sistance \u00e0 la corrosion sup\u00e9rieure \u00e0 celle du grade 304 * La glissi\u00e8re du pouce ouvre la porte &#8211; ferme-ressort &hellip; <a href=\"https:\/\/sweet-johnson.82-165-61-42.plesk.page\/index.php\/product\/sh01\/\" class=\"more-link\">Continue reading <span class=\"screen-reader-text\">SH01<\/span><\/a><\/p>\n","protected":false},"featured_media":4904,"comment_status":"closed","ping_status":"closed","template":"","meta":[],"product_cat":[97],"product_tag":[],"class_list":["post-4927","product","type-product","status-publish","has-post-thumbnail","hentry","product_cat-accessoires"],"_links":{"self":[{"href":"https:\/\/sweet-johnson.82-165-61-42.plesk.page\/index.php\/wp-json\/wp\/v2\/product\/4927","targetHints":{"allow":["GET"]}}],"collection":[{"href":"https:\/\/sweet-johnson.82-165-61-42.plesk.page\/index.php\/wp-json\/wp\/v2\/product"}],"about":[{"href":"https:\/\/sweet-johnson.82-165-61-42.plesk.page\/index.php\/wp-json\/wp\/v2\/types\/product"}],"replies":[{"embeddable":true,"href":"https:\/\/sweet-johnson.82-165-61-42.plesk.page\/index.php\/wp-json\/wp\/v2\/comments?post=4927"}],"wp:featuredmedia":[{"embeddable":true,"href":"https:\/\/sweet-johnson.82-165-61-42.plesk.page\/index.php\/wp-json\/wp\/v2\/media\/4904"}],"wp:attachment":[{"href":"https:\/\/sweet-johnson.82-165-61-42.plesk.page\/index.php\/wp-json\/wp\/v2\/media?parent=4927"}],"wp:term":[{"taxonomy":"product_cat","embeddable":true,"href":"https:\/\/sweet-johnson.82-165-61-42.plesk.page\/index.php\/wp-json\/wp\/v2\/product_cat?post=4927"},{"taxonomy":"product_tag","embeddable":true,"href":"https:\/\/sweet-johnson.82-165-61-42.plesk.page\/index.php\/wp-json\/wp\/v2\/product_tag?post=4927"}],"curies":[{"name":"wp","href":"https:\/\/api.w.org\/{rel}","templated":true}]}}