{"id":4924,"date":"2022-11-24T17:19:48","date_gmt":"2022-11-24T17:19:48","guid":{"rendered":"https:\/\/sweet-johnson.82-165-61-42.plesk.page\/?post_type=product&#038;p=4924"},"modified":"2022-11-24T17:19:48","modified_gmt":"2022-11-24T17:19:48","slug":"zj18","status":"publish","type":"product","link":"https:\/\/sweet-johnson.82-165-61-42.plesk.page\/index.php\/product\/zj18\/","title":{"rendered":"ZJ18"},"content":{"rendered":"<ul class=\"product-details-info\">\n<li>Le support \u00e0 rotule ZJ18 peut \u00eatre utilis\u00e9 pour fixer la lumi\u00e8re \u00e0 vos bras de plong\u00e9e. Il convient aux torches de diam\u00e8tre 23-28mm, comme les lampes de plong\u00e9e D500+, D500V+, D520, D530, D530V, D550, D700 et D710.<\/li>\n<\/ul>\n","protected":false},"excerpt":{"rendered":"<p>Support de rotule Orchatorch<\/p>\n","protected":false},"featured_media":4925,"comment_status":"closed","ping_status":"closed","template":"","meta":[],"product_cat":[97],"product_tag":[],"class_list":["post-4924","product","type-product","status-publish","has-post-thumbnail","hentry","product_cat-accessoires"],"_links":{"self":[{"href":"https:\/\/sweet-johnson.82-165-61-42.plesk.page\/index.php\/wp-json\/wp\/v2\/product\/4924","targetHints":{"allow":["GET"]}}],"collection":[{"href":"https:\/\/sweet-johnson.82-165-61-42.plesk.page\/index.php\/wp-json\/wp\/v2\/product"}],"about":[{"href":"https:\/\/sweet-johnson.82-165-61-42.plesk.page\/index.php\/wp-json\/wp\/v2\/types\/product"}],"replies":[{"embeddable":true,"href":"https:\/\/sweet-johnson.82-165-61-42.plesk.page\/index.php\/wp-json\/wp\/v2\/comments?post=4924"}],"wp:featuredmedia":[{"embeddable":true,"href":"https:\/\/sweet-johnson.82-165-61-42.plesk.page\/index.php\/wp-json\/wp\/v2\/media\/4925"}],"wp:attachment":[{"href":"https:\/\/sweet-johnson.82-165-61-42.plesk.page\/index.php\/wp-json\/wp\/v2\/media?parent=4924"}],"wp:term":[{"taxonomy":"product_cat","embeddable":true,"href":"https:\/\/sweet-johnson.82-165-61-42.plesk.page\/index.php\/wp-json\/wp\/v2\/product_cat?post=4924"},{"taxonomy":"product_tag","embeddable":true,"href":"https:\/\/sweet-johnson.82-165-61-42.plesk.page\/index.php\/wp-json\/wp\/v2\/product_tag?post=4924"}],"curies":[{"name":"wp","href":"https:\/\/api.w.org\/{rel}","templated":true}]}}