{"id":4919,"date":"2022-11-24T17:09:24","date_gmt":"2022-11-24T17:09:24","guid":{"rendered":"https:\/\/sweet-johnson.82-165-61-42.plesk.page\/?post_type=product&#038;p=4919"},"modified":"2022-11-24T17:09:24","modified_gmt":"2022-11-24T17:09:24","slug":"d530v-snoot","status":"publish","type":"product","link":"https:\/\/sweet-johnson.82-165-61-42.plesk.page\/index.php\/product\/d530v-snoot\/","title":{"rendered":"D530V SNOOT"},"content":{"rendered":"<p>&nbsp;<\/p>\n<ul class=\"product-details-info\">\n<li>D530V snoot convient \u00e0 la torche de plong\u00e9e sous-marine OrcaTorch D530V.<\/li>\n<\/ul>\n<p>&nbsp;<\/p>\n<p><a href=\"https:\/\/sweet-johnson.82-165-61-42.plesk.page\/wp-content\/uploads\/2022\/11\/b1096eb443-d530v-snoot-4.jpg\"><img loading=\"lazy\" decoding=\"async\" class=\"alignnone  wp-image-4920\" src=\"https:\/\/sweet-johnson.82-165-61-42.plesk.page\/wp-content\/uploads\/2022\/11\/b1096eb443-d530v-snoot-4-399x333.jpg\" alt=\"\" width=\"222\" height=\"185\" \/><\/a>*<\/p>\n<p>*Fonctionne parfaitement avec D530V<\/p>\n<p>* Facile \u00e0 utiliser<\/p>\n<p>* Sp\u00e9cial pour la macrophotographie et la vid\u00e9ographie<\/p>\n<p>* Mat\u00e9riau en aluminium \u00e0 haute r\u00e9sistance de qualit\u00e9 a\u00e9ronautique<\/p>\n<p>* La derni\u00e8re finition de r\u00e9sistance \u00e0 l\u2019eau de mer anodis\u00e9e dure de qualit\u00e9 diamant<\/p>\n<p>&nbsp;<\/p>\n","protected":false},"excerpt":{"rendered":"<p>Accessoire pour D530V Orcatorch<\/p>\n","protected":false},"featured_media":4921,"comment_status":"closed","ping_status":"closed","template":"","meta":[],"product_cat":[97],"product_tag":[],"class_list":["post-4919","product","type-product","status-publish","has-post-thumbnail","hentry","product_cat-accessoires"],"_links":{"self":[{"href":"https:\/\/sweet-johnson.82-165-61-42.plesk.page\/index.php\/wp-json\/wp\/v2\/product\/4919","targetHints":{"allow":["GET"]}}],"collection":[{"href":"https:\/\/sweet-johnson.82-165-61-42.plesk.page\/index.php\/wp-json\/wp\/v2\/product"}],"about":[{"href":"https:\/\/sweet-johnson.82-165-61-42.plesk.page\/index.php\/wp-json\/wp\/v2\/types\/product"}],"replies":[{"embeddable":true,"href":"https:\/\/sweet-johnson.82-165-61-42.plesk.page\/index.php\/wp-json\/wp\/v2\/comments?post=4919"}],"wp:featuredmedia":[{"embeddable":true,"href":"https:\/\/sweet-johnson.82-165-61-42.plesk.page\/index.php\/wp-json\/wp\/v2\/media\/4921"}],"wp:attachment":[{"href":"https:\/\/sweet-johnson.82-165-61-42.plesk.page\/index.php\/wp-json\/wp\/v2\/media?parent=4919"}],"wp:term":[{"taxonomy":"product_cat","embeddable":true,"href":"https:\/\/sweet-johnson.82-165-61-42.plesk.page\/index.php\/wp-json\/wp\/v2\/product_cat?post=4919"},{"taxonomy":"product_tag","embeddable":true,"href":"https:\/\/sweet-johnson.82-165-61-42.plesk.page\/index.php\/wp-json\/wp\/v2\/product_tag?post=4919"}],"curies":[{"name":"wp","href":"https:\/\/api.w.org\/{rel}","templated":true}]}}