{"id":4915,"date":"2022-11-24T16:52:06","date_gmt":"2022-11-24T16:52:06","guid":{"rendered":"https:\/\/sweet-johnson.82-165-61-42.plesk.page\/?post_type=product&#038;p=4915"},"modified":"2022-11-24T16:52:06","modified_gmt":"2022-11-24T16:52:06","slug":"zj15-50mm","status":"publish","type":"product","link":"https:\/\/sweet-johnson.82-165-61-42.plesk.page\/index.php\/product\/zj15-50mm\/","title":{"rendered":"ZJ15 (50mm)"},"content":{"rendered":"<p>* Pince \u00e0 rotule en aluminium avec \u00e9crou \u00e0 bouton en aluminium<\/p>\n<p>* Pour connecter 3 bras \u00e0 rotule de forme triangulaire<\/p>\n<p>* Poids 95g<\/p>\n","protected":false},"excerpt":{"rendered":"<p>Accessoire Zj15 pour kit H1 Orcatorch<\/p>\n","protected":false},"featured_media":4906,"comment_status":"closed","ping_status":"closed","template":"","meta":[],"product_cat":[97],"product_tag":[],"class_list":["post-4915","product","type-product","status-publish","has-post-thumbnail","hentry","product_cat-accessoires"],"_links":{"self":[{"href":"https:\/\/sweet-johnson.82-165-61-42.plesk.page\/index.php\/wp-json\/wp\/v2\/product\/4915","targetHints":{"allow":["GET"]}}],"collection":[{"href":"https:\/\/sweet-johnson.82-165-61-42.plesk.page\/index.php\/wp-json\/wp\/v2\/product"}],"about":[{"href":"https:\/\/sweet-johnson.82-165-61-42.plesk.page\/index.php\/wp-json\/wp\/v2\/types\/product"}],"replies":[{"embeddable":true,"href":"https:\/\/sweet-johnson.82-165-61-42.plesk.page\/index.php\/wp-json\/wp\/v2\/comments?post=4915"}],"wp:featuredmedia":[{"embeddable":true,"href":"https:\/\/sweet-johnson.82-165-61-42.plesk.page\/index.php\/wp-json\/wp\/v2\/media\/4906"}],"wp:attachment":[{"href":"https:\/\/sweet-johnson.82-165-61-42.plesk.page\/index.php\/wp-json\/wp\/v2\/media?parent=4915"}],"wp:term":[{"taxonomy":"product_cat","embeddable":true,"href":"https:\/\/sweet-johnson.82-165-61-42.plesk.page\/index.php\/wp-json\/wp\/v2\/product_cat?post=4915"},{"taxonomy":"product_tag","embeddable":true,"href":"https:\/\/sweet-johnson.82-165-61-42.plesk.page\/index.php\/wp-json\/wp\/v2\/product_tag?post=4915"}],"curies":[{"name":"wp","href":"https:\/\/api.w.org\/{rel}","templated":true}]}}