{"id":4913,"date":"2022-11-24T16:49:23","date_gmt":"2022-11-24T16:49:23","guid":{"rendered":"https:\/\/sweet-johnson.82-165-61-42.plesk.page\/?post_type=product&#038;p=4913"},"modified":"2022-11-24T16:49:23","modified_gmt":"2022-11-24T16:49:23","slug":"zj14","status":"publish","type":"product","link":"https:\/\/sweet-johnson.82-165-61-42.plesk.page\/index.php\/product\/zj14\/","title":{"rendered":"ZJ14"},"content":{"rendered":"<p>* Pince \u00e0 rotule en aluminium avec \u00e9crou \u00e0 bouton en aluminium<\/p>\n<p>* Pour connecter 3 bras \u00e0 rotule de forme triangulaire<\/p>\n<p>* Poids 95g<\/p>\n","protected":false},"excerpt":{"rendered":"<p>Accessoires Zj14 pour kit H1 Orcatorch<\/p>\n","protected":false},"featured_media":4914,"comment_status":"closed","ping_status":"closed","template":"","meta":[],"product_cat":[97],"product_tag":[],"class_list":["post-4913","product","type-product","status-publish","has-post-thumbnail","hentry","product_cat-accessoires"],"_links":{"self":[{"href":"https:\/\/sweet-johnson.82-165-61-42.plesk.page\/index.php\/wp-json\/wp\/v2\/product\/4913","targetHints":{"allow":["GET"]}}],"collection":[{"href":"https:\/\/sweet-johnson.82-165-61-42.plesk.page\/index.php\/wp-json\/wp\/v2\/product"}],"about":[{"href":"https:\/\/sweet-johnson.82-165-61-42.plesk.page\/index.php\/wp-json\/wp\/v2\/types\/product"}],"replies":[{"embeddable":true,"href":"https:\/\/sweet-johnson.82-165-61-42.plesk.page\/index.php\/wp-json\/wp\/v2\/comments?post=4913"}],"wp:featuredmedia":[{"embeddable":true,"href":"https:\/\/sweet-johnson.82-165-61-42.plesk.page\/index.php\/wp-json\/wp\/v2\/media\/4914"}],"wp:attachment":[{"href":"https:\/\/sweet-johnson.82-165-61-42.plesk.page\/index.php\/wp-json\/wp\/v2\/media?parent=4913"}],"wp:term":[{"taxonomy":"product_cat","embeddable":true,"href":"https:\/\/sweet-johnson.82-165-61-42.plesk.page\/index.php\/wp-json\/wp\/v2\/product_cat?post=4913"},{"taxonomy":"product_tag","embeddable":true,"href":"https:\/\/sweet-johnson.82-165-61-42.plesk.page\/index.php\/wp-json\/wp\/v2\/product_tag?post=4913"}],"curies":[{"name":"wp","href":"https:\/\/api.w.org\/{rel}","templated":true}]}}