{"id":4910,"date":"2022-11-24T16:33:31","date_gmt":"2022-11-24T16:33:31","guid":{"rendered":"https:\/\/sweet-johnson.82-165-61-42.plesk.page\/?post_type=product&#038;p=4910"},"modified":"2022-11-24T16:33:32","modified_gmt":"2022-11-24T16:33:32","slug":"poignee-d620","status":"publish","type":"product","link":"https:\/\/sweet-johnson.82-165-61-42.plesk.page\/index.php\/product\/poignee-d620\/","title":{"rendered":"Poign\u00e9e D620"},"content":{"rendered":"<p>* Sp\u00e9cialement con\u00e7u pour D620<\/p>\n<p>* Compatible avec D820V, D611, D611V, D620V, D900V, D910V<\/p>\n","protected":false},"excerpt":{"rendered":"<p>Poign\u00e9e pour Lampe D620<\/p>\n","protected":false},"featured_media":4897,"comment_status":"closed","ping_status":"closed","template":"","meta":[],"product_cat":[97],"product_tag":[],"class_list":["post-4910","product","type-product","status-publish","has-post-thumbnail","hentry","product_cat-accessoires"],"_links":{"self":[{"href":"https:\/\/sweet-johnson.82-165-61-42.plesk.page\/index.php\/wp-json\/wp\/v2\/product\/4910","targetHints":{"allow":["GET"]}}],"collection":[{"href":"https:\/\/sweet-johnson.82-165-61-42.plesk.page\/index.php\/wp-json\/wp\/v2\/product"}],"about":[{"href":"https:\/\/sweet-johnson.82-165-61-42.plesk.page\/index.php\/wp-json\/wp\/v2\/types\/product"}],"replies":[{"embeddable":true,"href":"https:\/\/sweet-johnson.82-165-61-42.plesk.page\/index.php\/wp-json\/wp\/v2\/comments?post=4910"}],"wp:featuredmedia":[{"embeddable":true,"href":"https:\/\/sweet-johnson.82-165-61-42.plesk.page\/index.php\/wp-json\/wp\/v2\/media\/4897"}],"wp:attachment":[{"href":"https:\/\/sweet-johnson.82-165-61-42.plesk.page\/index.php\/wp-json\/wp\/v2\/media?parent=4910"}],"wp:term":[{"taxonomy":"product_cat","embeddable":true,"href":"https:\/\/sweet-johnson.82-165-61-42.plesk.page\/index.php\/wp-json\/wp\/v2\/product_cat?post=4910"},{"taxonomy":"product_tag","embeddable":true,"href":"https:\/\/sweet-johnson.82-165-61-42.plesk.page\/index.php\/wp-json\/wp\/v2\/product_tag?post=4910"}],"curies":[{"name":"wp","href":"https:\/\/api.w.org\/{rel}","templated":true}]}}