{"id":4892,"date":"2022-11-24T16:22:45","date_gmt":"2022-11-24T16:22:45","guid":{"rendered":"https:\/\/sweet-johnson.82-165-61-42.plesk.page\/?post_type=product&#038;p=4892"},"modified":"2022-11-24T16:22:45","modified_gmt":"2022-11-24T16:22:45","slug":"b86","status":"publish","type":"product","link":"https:\/\/sweet-johnson.82-165-61-42.plesk.page\/index.php\/product\/b86\/","title":{"rendered":"B86"},"content":{"rendered":"<ul class=\"product-details-info\">\n<li>Avoir des piles de rechange pour faire fonctionner votre lampe de plong\u00e9e pr\u00e9sente des avantages majeurs.<\/li>\n<li>Gardez votre torche allum\u00e9e avec des batteries de rechange fra\u00eechement charg\u00e9es et ne ressentez aucun temps d\u2019arr\u00eat entre les plong\u00e9es, car vous devez attendre que votre batterie soit charg\u00e9e rapidement.<\/li>\n<li>La batterie est sp\u00e9cialement con\u00e7ue pour \u00eatre utilis\u00e9e avec la <a href=\"http:\/\/orcatorch.com\/product\/D860-Dive-Light.html\" target=\"_self\" rel=\"noopener\">lampe de <\/a>plong\u00e9e OrcaTorch D860 4000 Lumens.<\/li>\n<\/ul>\n","protected":false},"excerpt":{"rendered":"<p>Chargeur B86 pour lampe D860<\/p>\n","protected":false},"featured_media":4898,"comment_status":"closed","ping_status":"closed","template":"","meta":[],"product_cat":[97],"product_tag":[],"class_list":["post-4892","product","type-product","status-publish","has-post-thumbnail","hentry","product_cat-accessoires"],"_links":{"self":[{"href":"https:\/\/sweet-johnson.82-165-61-42.plesk.page\/index.php\/wp-json\/wp\/v2\/product\/4892","targetHints":{"allow":["GET"]}}],"collection":[{"href":"https:\/\/sweet-johnson.82-165-61-42.plesk.page\/index.php\/wp-json\/wp\/v2\/product"}],"about":[{"href":"https:\/\/sweet-johnson.82-165-61-42.plesk.page\/index.php\/wp-json\/wp\/v2\/types\/product"}],"replies":[{"embeddable":true,"href":"https:\/\/sweet-johnson.82-165-61-42.plesk.page\/index.php\/wp-json\/wp\/v2\/comments?post=4892"}],"wp:featuredmedia":[{"embeddable":true,"href":"https:\/\/sweet-johnson.82-165-61-42.plesk.page\/index.php\/wp-json\/wp\/v2\/media\/4898"}],"wp:attachment":[{"href":"https:\/\/sweet-johnson.82-165-61-42.plesk.page\/index.php\/wp-json\/wp\/v2\/media?parent=4892"}],"wp:term":[{"taxonomy":"product_cat","embeddable":true,"href":"https:\/\/sweet-johnson.82-165-61-42.plesk.page\/index.php\/wp-json\/wp\/v2\/product_cat?post=4892"},{"taxonomy":"product_tag","embeddable":true,"href":"https:\/\/sweet-johnson.82-165-61-42.plesk.page\/index.php\/wp-json\/wp\/v2\/product_tag?post=4892"}],"curies":[{"name":"wp","href":"https:\/\/api.w.org\/{rel}","templated":true}]}}