{"id":4886,"date":"2022-11-24T15:06:16","date_gmt":"2022-11-24T15:06:16","guid":{"rendered":"https:\/\/sweet-johnson.82-165-61-42.plesk.page\/?post_type=product&#038;p=4886"},"modified":"2022-11-24T15:06:16","modified_gmt":"2022-11-24T15:06:16","slug":"ws01","status":"publish","type":"product","link":"https:\/\/sweet-johnson.82-165-61-42.plesk.page\/index.php\/product\/ws01\/","title":{"rendered":"WS01"},"content":{"rendered":"<p>&nbsp;<\/p>\n<ul class=\"product-details-info\">\n<li>La dragonne WS01 convient aux OrcaTorch D500 et D500V. Il convient \u00e9galement pour le diam\u00e8tre de la lampe de poche 24-28mm.\n<p>Conseils amicaux: Si vous allez utiliser la lampe de plong\u00e9e avec cette dragonne, nous vous sugg\u00e9rons de vous assurer de bien attacher la lumi\u00e8re \u00e0 la dragonne avec une cour \u00e0 terre. La dragonne sert \u00e0 lib\u00e9rer votre main, tandis que la cour peut emp\u00eacher la lumi\u00e8re de tomber de la dragonne.<\/li>\n<\/ul>\n<p><a href=\"https:\/\/sweet-johnson.82-165-61-42.plesk.page\/wp-content\/uploads\/2022\/11\/688fef8fc5-ws01-2.jpg\"><img loading=\"lazy\" decoding=\"async\" class=\"alignnone size-medium wp-image-4887\" src=\"https:\/\/sweet-johnson.82-165-61-42.plesk.page\/wp-content\/uploads\/2022\/11\/688fef8fc5-ws01-2-399x333.jpg\" alt=\"\" width=\"399\" height=\"333\" \/><\/a><\/p>\n<p>* Taille unique adapt\u00e9e \u00e0 la plupart des lampes de poche de diam\u00e8tre compris entre 24 et 28 mm<\/p>\n<p>* Pour une utilisation avec ou sans gants, peut \u00eatre utilis\u00e9 librement sur la main gauche ou droite<\/p>\n<p>* La toile \u00e9paissie mais douce et durable peut fixer la lampe de poche avec votre main fermement, lib\u00e9rer votre main dans l\u2019eau, vraiment confortable<\/p>\n<p>* S\u00e9chage rapide apr\u00e8s utilisation, conception de bande magique, tr\u00e8s facile \u00e0 utiliser<\/p>\n<p>&nbsp;<\/p>\n","protected":false},"excerpt":{"rendered":"<p>&nbsp; La dragonne WS01 convient aux OrcaTorch D500 et D500V. Il convient \u00e9galement pour le diam\u00e8tre de la lampe de poche 24-28mm. Conseils amicaux: Si vous allez utiliser la lampe de plong\u00e9e avec cette dragonne, nous vous sugg\u00e9rons de vous assurer de bien attacher la lumi\u00e8re \u00e0 la dragonne avec une cour \u00e0 terre. La &hellip; <a href=\"https:\/\/sweet-johnson.82-165-61-42.plesk.page\/index.php\/product\/ws01\/\" class=\"more-link\">Continue reading <span class=\"screen-reader-text\">WS01<\/span><\/a><\/p>\n","protected":false},"featured_media":4884,"comment_status":"closed","ping_status":"closed","template":"","meta":[],"product_cat":[97],"product_tag":[],"class_list":["post-4886","product","type-product","status-publish","has-post-thumbnail","hentry","product_cat-accessoires"],"_links":{"self":[{"href":"https:\/\/sweet-johnson.82-165-61-42.plesk.page\/index.php\/wp-json\/wp\/v2\/product\/4886","targetHints":{"allow":["GET"]}}],"collection":[{"href":"https:\/\/sweet-johnson.82-165-61-42.plesk.page\/index.php\/wp-json\/wp\/v2\/product"}],"about":[{"href":"https:\/\/sweet-johnson.82-165-61-42.plesk.page\/index.php\/wp-json\/wp\/v2\/types\/product"}],"replies":[{"embeddable":true,"href":"https:\/\/sweet-johnson.82-165-61-42.plesk.page\/index.php\/wp-json\/wp\/v2\/comments?post=4886"}],"wp:featuredmedia":[{"embeddable":true,"href":"https:\/\/sweet-johnson.82-165-61-42.plesk.page\/index.php\/wp-json\/wp\/v2\/media\/4884"}],"wp:attachment":[{"href":"https:\/\/sweet-johnson.82-165-61-42.plesk.page\/index.php\/wp-json\/wp\/v2\/media?parent=4886"}],"wp:term":[{"taxonomy":"product_cat","embeddable":true,"href":"https:\/\/sweet-johnson.82-165-61-42.plesk.page\/index.php\/wp-json\/wp\/v2\/product_cat?post=4886"},{"taxonomy":"product_tag","embeddable":true,"href":"https:\/\/sweet-johnson.82-165-61-42.plesk.page\/index.php\/wp-json\/wp\/v2\/product_tag?post=4886"}],"curies":[{"name":"wp","href":"https:\/\/api.w.org\/{rel}","templated":true}]}}