{"id":4877,"date":"2022-11-24T14:31:12","date_gmt":"2022-11-24T14:31:12","guid":{"rendered":"https:\/\/sweet-johnson.82-165-61-42.plesk.page\/?post_type=product&#038;p=4877"},"modified":"2022-11-24T14:31:12","modified_gmt":"2022-11-24T14:31:12","slug":"sd03","status":"publish","type":"product","link":"https:\/\/sweet-johnson.82-165-61-42.plesk.page\/index.php\/product\/sd03\/","title":{"rendered":"SD03"},"content":{"rendered":"<p>&nbsp;<\/p>\n<ul class=\"product-details-info\">\n<li>\n<ul class=\"product-details-info\">\n<li>L\u2019OrcaTorch SD03 est une balise de plong\u00e9e compacte et multifonctionnelle \u00e0 4 couleurs. Il peut \u00e9mettre de la lumi\u00e8re en 4 couleurs diff\u00e9rentes et dispose de 8 modes d\u2019\u00e9clairage: pour chaque couleur, soit une lumi\u00e8re constante, soit un mode clignotant. Le mode couleur et le mode lumi\u00e8re peuvent \u00eatre choisis en tournant le corps. Le SD03 peut \u00eatre utilis\u00e9 comme feu de signalisation sous-marin ou ext\u00e9rieur, \u00e9clairage de recul de plong\u00e9e, \u00e9clairage ext\u00e9rieur r\u00e9gulier, etc. Sa coque est en plastique qui permet une bonne p\u00e9n\u00e9tration de la lumi\u00e8re. Avec une excellente \u00e9tanch\u00e9it\u00e9, il fonctionnera jusqu\u2019\u00e0 100m sous l\u2019eau. Il ne fait aucun doute que le SD03 est l\u2019un des meilleurs choix pour la plong\u00e9e ou l\u2019\u00e9clairage ext\u00e9rieur.<\/li>\n<\/ul>\n<\/li>\n<\/ul>\n<p>&nbsp;<\/p>\n<p><a href=\"https:\/\/sweet-johnson.82-165-61-42.plesk.page\/wp-content\/uploads\/2022\/03\/71494f300b-sd03guan-wang-zhu-tu7.jpg\"><img loading=\"lazy\" decoding=\"async\" class=\"alignnone  wp-image-4825\" src=\"https:\/\/sweet-johnson.82-165-61-42.plesk.page\/wp-content\/uploads\/2022\/03\/71494f300b-sd03guan-wang-zhu-tu7-399x333.jpg\" alt=\"\" width=\"258\" height=\"216\" \/><\/a><\/p>\n<p>4 couleurs simples et 8 modes int\u00e9gr\u00e9s dans une seule lumi\u00e8re<\/p>\n<p>* Compatible avec 1 * pile AA ou 1 * 14500 pile<\/p>\n<p>* Anneau en silicone antid\u00e9rapant et confortable<\/p>\n<p>* L\u2019anneau en D de queue peut \u00eatre utilis\u00e9 plus facilement avec un cordon<\/p>\n<p>* Fonction de m\u00e9moire en mode pratique et pratique<\/p>\n<p>* Coque transparente en plastique avec performances am\u00e9lior\u00e9es du guide de lumi\u00e8re<\/p>\n<p>&nbsp;<\/p>\n","protected":false},"excerpt":{"rendered":"<p>SD03 balise de plong\u00e9e<\/p>\n","protected":false},"featured_media":0,"comment_status":"closed","ping_status":"closed","template":"","meta":[],"product_cat":[94,95],"product_tag":[],"class_list":["post-4877","product","type-product","status-publish","hentry","product_cat-eclairages","product_cat-exploration"],"_links":{"self":[{"href":"https:\/\/sweet-johnson.82-165-61-42.plesk.page\/index.php\/wp-json\/wp\/v2\/product\/4877","targetHints":{"allow":["GET"]}}],"collection":[{"href":"https:\/\/sweet-johnson.82-165-61-42.plesk.page\/index.php\/wp-json\/wp\/v2\/product"}],"about":[{"href":"https:\/\/sweet-johnson.82-165-61-42.plesk.page\/index.php\/wp-json\/wp\/v2\/types\/product"}],"replies":[{"embeddable":true,"href":"https:\/\/sweet-johnson.82-165-61-42.plesk.page\/index.php\/wp-json\/wp\/v2\/comments?post=4877"}],"wp:attachment":[{"href":"https:\/\/sweet-johnson.82-165-61-42.plesk.page\/index.php\/wp-json\/wp\/v2\/media?parent=4877"}],"wp:term":[{"taxonomy":"product_cat","embeddable":true,"href":"https:\/\/sweet-johnson.82-165-61-42.plesk.page\/index.php\/wp-json\/wp\/v2\/product_cat?post=4877"},{"taxonomy":"product_tag","embeddable":true,"href":"https:\/\/sweet-johnson.82-165-61-42.plesk.page\/index.php\/wp-json\/wp\/v2\/product_tag?post=4877"}],"curies":[{"name":"wp","href":"https:\/\/api.w.org\/{rel}","templated":true}]}}