{"id":4875,"date":"2022-11-24T13:19:30","date_gmt":"2022-11-24T13:19:30","guid":{"rendered":"https:\/\/sweet-johnson.82-165-61-42.plesk.page\/?post_type=product&#038;p=4875"},"modified":"2022-11-24T13:33:30","modified_gmt":"2022-11-24T13:33:30","slug":"d950v","status":"publish","type":"product","link":"https:\/\/sweet-johnson.82-165-61-42.plesk.page\/index.php\/product\/d950v\/","title":{"rendered":"D950V"},"content":{"rendered":"<ul class=\"product-details-info\">\n<li>OrcaTorch D950V est une lampe vid\u00e9o LED de 10500 lumens sp\u00e9cialement con\u00e7ue pour la photographie sous-marine. Il dispose d\u2019une LED haute puissance \u00e0 puce CREE (COB). La conception de lentille optique en verre tremp\u00e9 sph\u00e9rique peut cr\u00e9er un \u00e9clairage uniforme avec un faisceau grand angle de 120 \u00b0. L\u2019indicateur LED arri\u00e8re affiche instantan\u00e9ment la charge restante de la batterie.<\/li>\n<\/ul>\n<p>&nbsp;<\/p>\n<p><a href=\"https:\/\/sweet-johnson.82-165-61-42.plesk.page\/wp-content\/uploads\/2022\/03\/c29990cbca-d950v-5.jpg\"><img loading=\"lazy\" decoding=\"async\" class=\"alignnone wp-image-4687\" src=\"https:\/\/sweet-johnson.82-165-61-42.plesk.page\/wp-content\/uploads\/2022\/03\/c29990cbca-d950v-5-399x333.jpg\" alt=\"\" width=\"352\" height=\"294\" \/><\/a><\/p>\n<p>CREE COB LED, Sortie maximale de 10500 lumens<\/p>\n<p>* Conception de lentille optique en verre tremp\u00e9 sph\u00e9rique, faisceau grand angle de 120 \u00b0<\/p>\n<p>* Temp\u00e9rature de couleur 5700K,\u00a0CRI 92<\/p>\n<p>* Batterie int\u00e9gr\u00e9e rempla\u00e7able de grande capacit\u00e9, 14.8V 89Wh (8 * 18650)<\/p>\n<p>* Le commutateur de queue contr\u00f4le 4 modes de luminosit\u00e9<\/p>\n<p>* Indicateur LED arri\u00e8re affichant instantan\u00e9ment la charge restante de la batterie<\/p>\n<p>* Indicateur de charge LED<\/p>\n<p>* Protection intelligente contre la surchauffe<\/p>\n<p>* Protection contre les surcharges et les d\u00e9charges<\/p>\n<p>* Construction r\u00e9sistante \u00e0 la pression de l\u2019eau, profondeur nominale \u00e0 150 m\u00e8tres<\/p>\n<p>* Mat\u00e9riau en aluminium \u00e0 haute r\u00e9sistance de qualit\u00e9 a\u00e9ronautique<\/p>\n<p>* La derni\u00e8re finition de r\u00e9sistance \u00e0 la corrosion \u00e0 l\u2019eau de mer anodis\u00e9e dure de qualit\u00e9 diamant<\/p>\n<p>* Verre tremp\u00e9 rev\u00eatu double face avec une r\u00e9sistance \u00e9lev\u00e9e \u00e0 la pression de l\u2019eau sous l\u2019eau profonde<\/p>\n<p>&nbsp;<\/p>\n","protected":false},"excerpt":{"rendered":"<p>Lampe de plong\u00e9e D950V Orcatorch<\/p>\n","protected":false},"featured_media":4675,"comment_status":"closed","ping_status":"closed","template":"","meta":[],"product_cat":[94,95,96],"product_tag":[],"class_list":["post-4875","product","type-product","status-publish","has-post-thumbnail","hentry","product_cat-eclairages","product_cat-exploration","product_cat-videos"],"_links":{"self":[{"href":"https:\/\/sweet-johnson.82-165-61-42.plesk.page\/index.php\/wp-json\/wp\/v2\/product\/4875","targetHints":{"allow":["GET"]}}],"collection":[{"href":"https:\/\/sweet-johnson.82-165-61-42.plesk.page\/index.php\/wp-json\/wp\/v2\/product"}],"about":[{"href":"https:\/\/sweet-johnson.82-165-61-42.plesk.page\/index.php\/wp-json\/wp\/v2\/types\/product"}],"replies":[{"embeddable":true,"href":"https:\/\/sweet-johnson.82-165-61-42.plesk.page\/index.php\/wp-json\/wp\/v2\/comments?post=4875"}],"wp:featuredmedia":[{"embeddable":true,"href":"https:\/\/sweet-johnson.82-165-61-42.plesk.page\/index.php\/wp-json\/wp\/v2\/media\/4675"}],"wp:attachment":[{"href":"https:\/\/sweet-johnson.82-165-61-42.plesk.page\/index.php\/wp-json\/wp\/v2\/media?parent=4875"}],"wp:term":[{"taxonomy":"product_cat","embeddable":true,"href":"https:\/\/sweet-johnson.82-165-61-42.plesk.page\/index.php\/wp-json\/wp\/v2\/product_cat?post=4875"},{"taxonomy":"product_tag","embeddable":true,"href":"https:\/\/sweet-johnson.82-165-61-42.plesk.page\/index.php\/wp-json\/wp\/v2\/product_tag?post=4875"}],"curies":[{"name":"wp","href":"https:\/\/api.w.org\/{rel}","templated":true}]}}