{"id":4874,"date":"2022-11-24T10:42:12","date_gmt":"2022-11-24T10:42:12","guid":{"rendered":"https:\/\/sweet-johnson.82-165-61-42.plesk.page\/?post_type=product&#038;p=4874"},"modified":"2022-11-24T10:42:12","modified_gmt":"2022-11-24T10:42:12","slug":"d900v","status":"publish","type":"product","link":"https:\/\/sweet-johnson.82-165-61-42.plesk.page\/index.php\/product\/d900v\/","title":{"rendered":"D900V"},"content":{"rendered":"<p>&nbsp;<\/p>\n<ul>\n<li>OrcaTorch D900V est une lumi\u00e8re de plong\u00e9e vid\u00e9o sp\u00e9cialement con\u00e7ue pour le photographe sous-marin. Il comporte quatre couleurs dans une lumi\u00e8re : rouge, UV, blanc neutre avec le faisceau 120\u00b0wide et blanc frais avec le faisceau de tache de 8\u00b0. \u00a0Avec la premi\u00e8re technologie de charge rapide magn\u00e9tique de l\u2019industrie, la lumi\u00e8re peut \u00eatre charg\u00e9e sans enlever la batteri<a href=\"https:\/\/sweet-johnson.82-165-61-42.plesk.page\/wp-content\/uploads\/2022\/03\/feaa3ebe99-d900v-4.jpg\"><img loading=\"lazy\" decoding=\"async\" class=\"alignnone size-medium wp-image-4661\" src=\"https:\/\/sweet-johnson.82-165-61-42.plesk.page\/wp-content\/uploads\/2022\/03\/feaa3ebe99-d900v-4-399x333.jpg\" alt=\"\" width=\"399\" height=\"333\" \/><\/a><\/li>\n<\/ul>\n<p>Avec :<\/p>\n<p>&nbsp;<\/p>\n<p>* Rouge, UV, Blanc neutre avec faisceau d\u2019inondation de 120\u00b0<\/p>\n<p>* Blanc frais avec faisceau de tache de 8\u00b0<\/p>\n<p>* Syst\u00e8me magn\u00e9tique \u00e0 charge rapide avec un court temps de charge de 2.5h<\/p>\n<p>* Standard inclus une batterie, 11.1V 38Wh(3 *18650)<\/p>\n<p>* Le commutateur double d\u2019alliage de titane contr\u00f4le diff\u00e9rentes sources d\u2019\u00e9clairage ind\u00e9pendamment<\/p>\n<p>* Double indicateur LED offre une connaissance instantan\u00e9e de l\u2019utilisation de l\u2019\u00e9tat<\/p>\n<p>* Fonction de verrouillage s\u00fbr, \u00e9viter la mauvaise fonctionnement<\/p>\n<p>* Indicateur de charge LED<\/p>\n<p>* Protection intelligente contre la sur-chaleur<\/p>\n<p>* Sur-charge et protection contre les d\u00e9charges<\/p>\n<p>* Construction r\u00e9sistante \u00e0 la pression de l\u2019eau, profondeur \u00e9valu\u00e9e \u00e0 150 m\u00e8tres<\/p>\n<p>* Mat\u00e9riau en aluminium haute r\u00e9sistance de qualit\u00e9 a\u00e9ronautique<\/p>\n<p>* La derni\u00e8re finition r\u00e9sistante \u00e0 la corrosion de l\u2019eau de mer anodis\u00e9e dure de qualit\u00e9 diamant<\/p>\n<p>* R\u00e9flecteur en aluminium en alliage avec analyse optique professionnelle<\/p>\n<p>* Deux c\u00f4t\u00e9s enduits de verre durci avec r\u00e9sistance \u00e0 haute pression de l\u2019eau sous l\u2019eau profonde<\/p>\n<p>Max sortie: 2200<\/p>\n<p>Intensit\u00e9 : 13640cd<\/p>\n<p>Autonomie : 18h<\/p>\n<p>R\u00e9sistance de l&#8217;impact : 1m<\/p>\n<p>Faisceau de distance : 230m<\/p>\n<p>Profondeur : 150m<\/p>\n<p>&nbsp;<\/p>\n","protected":false},"excerpt":{"rendered":"<p>Lampe de plong\u00e9e D860 Orcatorch<\/p>\n","protected":false},"featured_media":4660,"comment_status":"closed","ping_status":"closed","template":"","meta":[],"product_cat":[94,95,96],"product_tag":[],"class_list":["post-4874","product","type-product","status-publish","has-post-thumbnail","hentry","product_cat-eclairages","product_cat-exploration","product_cat-videos"],"_links":{"self":[{"href":"https:\/\/sweet-johnson.82-165-61-42.plesk.page\/index.php\/wp-json\/wp\/v2\/product\/4874","targetHints":{"allow":["GET"]}}],"collection":[{"href":"https:\/\/sweet-johnson.82-165-61-42.plesk.page\/index.php\/wp-json\/wp\/v2\/product"}],"about":[{"href":"https:\/\/sweet-johnson.82-165-61-42.plesk.page\/index.php\/wp-json\/wp\/v2\/types\/product"}],"replies":[{"embeddable":true,"href":"https:\/\/sweet-johnson.82-165-61-42.plesk.page\/index.php\/wp-json\/wp\/v2\/comments?post=4874"}],"wp:featuredmedia":[{"embeddable":true,"href":"https:\/\/sweet-johnson.82-165-61-42.plesk.page\/index.php\/wp-json\/wp\/v2\/media\/4660"}],"wp:attachment":[{"href":"https:\/\/sweet-johnson.82-165-61-42.plesk.page\/index.php\/wp-json\/wp\/v2\/media?parent=4874"}],"wp:term":[{"taxonomy":"product_cat","embeddable":true,"href":"https:\/\/sweet-johnson.82-165-61-42.plesk.page\/index.php\/wp-json\/wp\/v2\/product_cat?post=4874"},{"taxonomy":"product_tag","embeddable":true,"href":"https:\/\/sweet-johnson.82-165-61-42.plesk.page\/index.php\/wp-json\/wp\/v2\/product_tag?post=4874"}],"curies":[{"name":"wp","href":"https:\/\/api.w.org\/{rel}","templated":true}]}}