{"id":4868,"date":"2022-11-23T17:50:33","date_gmt":"2022-11-23T17:50:33","guid":{"rendered":"https:\/\/sweet-johnson.82-165-61-42.plesk.page\/?post_type=product&#038;p=4868"},"modified":"2022-11-23T17:50:33","modified_gmt":"2022-11-23T17:50:33","slug":"d630","status":"publish","type":"product","link":"https:\/\/sweet-johnson.82-165-61-42.plesk.page\/index.php\/product\/d630\/","title":{"rendered":"D630"},"content":{"rendered":"<p>&nbsp;<\/p>\n<ul class=\"product-details-info\">\n<li>OrcaTorch D630 est une lampe de plong\u00e9e parfaite pour la plong\u00e9e souterraine, la plong\u00e9e d\u2019\u00e9pave ou des activit\u00e9s de plong\u00e9e techniques similaires. La lumi\u00e8re fournit jusqu\u2019\u00e0 4\u00a0000 lumens, et son c\u00e2ble r\u00e9glable en angle permet une rotation de 90\u00b0 et de 180\u00b0 entre la cartouche et la t\u00eate de lumi\u00e8re. Cela rend l\u2019OrcaTorch D630 parfaitement adapt\u00e9 \u00e0 la plong\u00e9e \u00e0 montage lat\u00e9ral et arri\u00e8re. Sa batterie de grande capacit\u00e9 offre jusqu\u2019\u00e0 5 heures d\u2019excellente exp\u00e9rience de plong\u00e9e au mode le plus lumineux. La batterie peut \u00e9galement \u00eatre retir\u00e9e et utilis\u00e9e comme banque de puissance.<a href=\"https:\/\/sweet-johnson.82-165-61-42.plesk.page\/wp-content\/uploads\/2022\/03\/aef446666a-d630-3.jpg\"><img loading=\"lazy\" decoding=\"async\" class=\"alignnone size-medium wp-image-4805\" src=\"https:\/\/sweet-johnson.82-165-61-42.plesk.page\/wp-content\/uploads\/2022\/03\/aef446666a-d630-3-399x333.jpg\" alt=\"\" width=\"399\" height=\"333\" \/><\/a><\/li>\n<\/ul>\n<p>Utilise 5* LED CREE, max 4000 lumens<\/p>\n<p>* C\u00e2ble r\u00e9glable \u00e0 angle de 90\u00b0 \u00e0 180\u00b0<\/p>\n<p>* Convient \u00e0 la plong\u00e9e \u00e0 montage arri\u00e8re et lat\u00e9ral<\/p>\n<p>* Faisceau super foyer de 7\u00b0<\/p>\n<p>* Indicateur LED offrant une mise \u00e0 jour instantan\u00e9e de l\u2019\u00e9tat de la batterie<\/p>\n<p>* Batterie rechargeable de grande capacit\u00e9, 7,4 V 89Wh (8*18650)<\/p>\n<p>* 5 heures de fonctionnement en mode lumineux<\/p>\n<p>* La batterie peut \u00eatre utilis\u00e9e comme batterie<\/p>\n<p>* L\u2019indicateur de charge de la batterie affiche l\u2019\u00e9tat de charge<\/p>\n<p>* Utilisation facile avec bouton lat\u00e9ral en alliage de titane<\/p>\n<p>* Fonction de verrouillage s\u00fbr pour \u00e9viter les erreurs de fonctionnement<\/p>\n<p>* Protection intelligente contre la surchauffe<\/p>\n<p>* Imperm\u00e9able et r\u00e9sistant \u00e0 la corrosion. Profondeur jusqu\u2019\u00e0 150 m\u00e8tres<\/p>\n<p>* Protection contre la polarit\u00e9 inverse emp\u00eachant l\u2019installation incorrecte de la batterie<\/p>\n<p>* Fonction de protection contre les d\u00e9charges excessives<\/p>\n<p>* Fabriqu\u00e9 en alliage d\u2019aluminium \u00e0 haute r\u00e9sistance de qualit\u00e9 a\u00e9ronautique<\/p>\n<p>* Le dernier fini anodis\u00e9 de qualit\u00e9 diamant r\u00e9sistant \u00e0 la corrosion de l\u2019eau de mer<\/p>\n<p>* Verre tremp\u00e9 rev\u00eatu recto-verso \u00e0 haute r\u00e9sistance \u00e0 l\u2019eau<\/p>\n<p>&nbsp;<\/p>\n","protected":false},"excerpt":{"rendered":"<p>Lampe de plong\u00e9e D630 Orcatorch<\/p>\n","protected":false},"featured_media":4797,"comment_status":"closed","ping_status":"closed","template":"","meta":[],"product_cat":[94,95,96],"product_tag":[],"class_list":["post-4868","product","type-product","status-publish","has-post-thumbnail","hentry","product_cat-eclairages","product_cat-exploration","product_cat-videos"],"_links":{"self":[{"href":"https:\/\/sweet-johnson.82-165-61-42.plesk.page\/index.php\/wp-json\/wp\/v2\/product\/4868","targetHints":{"allow":["GET"]}}],"collection":[{"href":"https:\/\/sweet-johnson.82-165-61-42.plesk.page\/index.php\/wp-json\/wp\/v2\/product"}],"about":[{"href":"https:\/\/sweet-johnson.82-165-61-42.plesk.page\/index.php\/wp-json\/wp\/v2\/types\/product"}],"replies":[{"embeddable":true,"href":"https:\/\/sweet-johnson.82-165-61-42.plesk.page\/index.php\/wp-json\/wp\/v2\/comments?post=4868"}],"wp:featuredmedia":[{"embeddable":true,"href":"https:\/\/sweet-johnson.82-165-61-42.plesk.page\/index.php\/wp-json\/wp\/v2\/media\/4797"}],"wp:attachment":[{"href":"https:\/\/sweet-johnson.82-165-61-42.plesk.page\/index.php\/wp-json\/wp\/v2\/media?parent=4868"}],"wp:term":[{"taxonomy":"product_cat","embeddable":true,"href":"https:\/\/sweet-johnson.82-165-61-42.plesk.page\/index.php\/wp-json\/wp\/v2\/product_cat?post=4868"},{"taxonomy":"product_tag","embeddable":true,"href":"https:\/\/sweet-johnson.82-165-61-42.plesk.page\/index.php\/wp-json\/wp\/v2\/product_tag?post=4868"}],"curies":[{"name":"wp","href":"https:\/\/api.w.org\/{rel}","templated":true}]}}