{"id":4864,"date":"2022-11-23T17:20:00","date_gmt":"2022-11-23T17:20:00","guid":{"rendered":"https:\/\/sweet-johnson.82-165-61-42.plesk.page\/?post_type=product&#038;p=4864"},"modified":"2022-11-23T17:31:27","modified_gmt":"2022-11-23T17:31:27","slug":"4864","status":"publish","type":"product","link":"https:\/\/sweet-johnson.82-165-61-42.plesk.page\/index.php\/product\/4864\/","title":{"rendered":"D620"},"content":{"rendered":"<p>ORCATORCH D620 est une lampe de plong\u00e9e \u00e0 cartouche primaire sp\u00e9cialement con\u00e7ue pour l\u2019aventure sous-marine comme la plong\u00e9e sous-marine et la plong\u00e9e souterraine. Le commutateur nouvellement con\u00e7u peut \u00eatre verrouill\u00e9 lorsque tourn\u00e9 \u00e0 90 degr\u00e9s, ce qui offre non seulement un fonctionnement facile et fiable, mais aussi \u00e9viter d\u2019allumer la lumi\u00e8re accidentellement.<\/p>\n<p>&nbsp;<\/p>\n<p><img loading=\"lazy\" decoding=\"async\" class=\"alignnone size-medium wp-image-4621\" src=\"https:\/\/sweet-johnson.82-165-61-42.plesk.page\/wp-content\/uploads\/2022\/03\/D620-3-555x333.jpg\" alt=\"\" width=\"555\" height=\"333\" \/><\/p>\n<p>&nbsp;<\/p>\n<p>LED Cree XHP70, sortie 2700 lumens<br \/>\n* Utilise quatre\u00a0batteries Li-ion 18650<\/p>\n<p>* Commutateur rotatif verrouillable \u00e0 90\u00b0, facile et fiable<br \/>\n* Poign\u00e9e rotative Easy-pack r\u00e9glable<br \/>\n* Construction r\u00e9sistante \u00e0 l\u2019eau, profondeur nominale jusqu\u2019\u00e0 150 m\u00e8tres<br \/>\n* Protection contre la chaleur excessive<br \/>\n* Protection contre la polarit\u00e9 inverse, pour \u00e9viter une mauvaise installation de la batterie<br \/>\n* Fonction de protection contre les d\u00e9charges excessives<br \/>\n* Mat\u00e9riau d\u2019aluminium \u00e0 haute r\u00e9sistance de qualit\u00e9 a\u00e9ronautique<\/p>\n<p>* Le dernier fini anodis\u00e9 dur r\u00e9sistant \u00e0 la corrosion de l\u2019eau de mer<\/p>\n<p>* R\u00e9flecteur en alliage d\u2019aluminium avec analyse optique professionnelle<\/p>\n<p>* Verre tremp\u00e9 rev\u00eatu sur deux c\u00f4t\u00e9s avec une haute r\u00e9sistance \u00e0 la pression de l\u2019eau sous l\u2019eau profonde<\/p>\n<p>Autonomie : 37h<\/p>\n<p>Distance du faisceau : 260m<\/p>\n<p>Intensit\u00e9 : 16870 cd<\/p>\n<p>R\u00e9sistant \u00e0 l&#8217;impact : 1m<\/p>\n<p>Etanche : 150m<\/p>\n<p>&nbsp;<\/p>\n","protected":false},"excerpt":{"rendered":"<p>Lampe de plong\u00e9e D620 Orcatorch<\/p>\n","protected":false},"featured_media":4620,"comment_status":"closed","ping_status":"closed","template":"","meta":[],"product_cat":[94,95],"product_tag":[],"class_list":["post-4864","product","type-product","status-publish","has-post-thumbnail","hentry","product_cat-eclairages","product_cat-exploration"],"_links":{"self":[{"href":"https:\/\/sweet-johnson.82-165-61-42.plesk.page\/index.php\/wp-json\/wp\/v2\/product\/4864","targetHints":{"allow":["GET"]}}],"collection":[{"href":"https:\/\/sweet-johnson.82-165-61-42.plesk.page\/index.php\/wp-json\/wp\/v2\/product"}],"about":[{"href":"https:\/\/sweet-johnson.82-165-61-42.plesk.page\/index.php\/wp-json\/wp\/v2\/types\/product"}],"replies":[{"embeddable":true,"href":"https:\/\/sweet-johnson.82-165-61-42.plesk.page\/index.php\/wp-json\/wp\/v2\/comments?post=4864"}],"wp:featuredmedia":[{"embeddable":true,"href":"https:\/\/sweet-johnson.82-165-61-42.plesk.page\/index.php\/wp-json\/wp\/v2\/media\/4620"}],"wp:attachment":[{"href":"https:\/\/sweet-johnson.82-165-61-42.plesk.page\/index.php\/wp-json\/wp\/v2\/media?parent=4864"}],"wp:term":[{"taxonomy":"product_cat","embeddable":true,"href":"https:\/\/sweet-johnson.82-165-61-42.plesk.page\/index.php\/wp-json\/wp\/v2\/product_cat?post=4864"},{"taxonomy":"product_tag","embeddable":true,"href":"https:\/\/sweet-johnson.82-165-61-42.plesk.page\/index.php\/wp-json\/wp\/v2\/product_tag?post=4864"}],"curies":[{"name":"wp","href":"https:\/\/api.w.org\/{rel}","templated":true}]}}