{"id":4863,"date":"2022-11-23T16:54:42","date_gmt":"2022-11-23T16:54:42","guid":{"rendered":"https:\/\/sweet-johnson.82-165-61-42.plesk.page\/?post_type=product&#038;p=4863"},"modified":"2022-11-23T16:54:42","modified_gmt":"2022-11-23T16:54:42","slug":"d580","status":"publish","type":"product","link":"https:\/\/sweet-johnson.82-165-61-42.plesk.page\/index.php\/product\/d580\/","title":{"rendered":"D580"},"content":{"rendered":"<p>ORCATORCH D580 est une lampe de plong\u00e9e professionnelle avec une sortie max 530 lumens. Interrupteur rotatif \u00e0 t\u00eate m\u00e9canique offre une grande fiabilit\u00e9 sous-marine. La lumi\u00e8re est compatible avec deux types de batteries\u00a0: 1* 18650Li-ion batterie rechargeable, qui est \u00e9conomique et \u00e9cologique, et les 3*AAA piles alcalines, qui est \u00e0 faible co\u00fbt et facile \u00e0 obtenir. Il a 6 degr\u00e9s de faisceau super \u00e9troit, tout \u00e0 fait appropri\u00e9 pour la plong\u00e9e r\u00e9cr\u00e9ative comme lumi\u00e8re primaire, et pour la plong\u00e9e technique comme lumi\u00e8re de secours.<\/p>\n<p>&nbsp;<\/p>\n<p><a href=\"https:\/\/sweet-johnson.82-165-61-42.plesk.page\/wp-content\/uploads\/2022\/03\/3774df6a61-d580-7.jpg\"><br \/>\n<img loading=\"lazy\" decoding=\"async\" class=\"alignnone size-medium wp-image-4617\" src=\"https:\/\/sweet-johnson.82-165-61-42.plesk.page\/wp-content\/uploads\/2022\/03\/3774df6a61-d580-7-399x333.jpg\" alt=\"\" width=\"399\" height=\"333\" \/><\/a><\/p>\n","protected":false},"excerpt":{"rendered":"<p>ORCATORCH D580 est une lampe de plong\u00e9e professionnelle avec une sortie max 530 lumens. Interrupteur rotatif \u00e0 t\u00eate m\u00e9canique offre une grande fiabilit\u00e9 sous-marine. La lumi\u00e8re est compatible avec deux types de batteries\u00a0: 1* 18650Li-ion batterie rechargeable, qui est \u00e9conomique et \u00e9cologique, et les 3*AAA piles alcalines, qui est \u00e0 faible co\u00fbt et facile \u00e0 &hellip; <a href=\"https:\/\/sweet-johnson.82-165-61-42.plesk.page\/index.php\/product\/d580\/\" class=\"more-link\">Continue reading <span class=\"screen-reader-text\">D580<\/span><\/a><\/p>\n","protected":false},"featured_media":4613,"comment_status":"closed","ping_status":"closed","template":"","meta":[],"product_cat":[94,95],"product_tag":[],"class_list":["post-4863","product","type-product","status-publish","has-post-thumbnail","hentry","product_cat-eclairages","product_cat-exploration"],"_links":{"self":[{"href":"https:\/\/sweet-johnson.82-165-61-42.plesk.page\/index.php\/wp-json\/wp\/v2\/product\/4863","targetHints":{"allow":["GET"]}}],"collection":[{"href":"https:\/\/sweet-johnson.82-165-61-42.plesk.page\/index.php\/wp-json\/wp\/v2\/product"}],"about":[{"href":"https:\/\/sweet-johnson.82-165-61-42.plesk.page\/index.php\/wp-json\/wp\/v2\/types\/product"}],"replies":[{"embeddable":true,"href":"https:\/\/sweet-johnson.82-165-61-42.plesk.page\/index.php\/wp-json\/wp\/v2\/comments?post=4863"}],"wp:featuredmedia":[{"embeddable":true,"href":"https:\/\/sweet-johnson.82-165-61-42.plesk.page\/index.php\/wp-json\/wp\/v2\/media\/4613"}],"wp:attachment":[{"href":"https:\/\/sweet-johnson.82-165-61-42.plesk.page\/index.php\/wp-json\/wp\/v2\/media?parent=4863"}],"wp:term":[{"taxonomy":"product_cat","embeddable":true,"href":"https:\/\/sweet-johnson.82-165-61-42.plesk.page\/index.php\/wp-json\/wp\/v2\/product_cat?post=4863"},{"taxonomy":"product_tag","embeddable":true,"href":"https:\/\/sweet-johnson.82-165-61-42.plesk.page\/index.php\/wp-json\/wp\/v2\/product_tag?post=4863"}],"curies":[{"name":"wp","href":"https:\/\/api.w.org\/{rel}","templated":true}]}}