{"id":4861,"date":"2022-11-23T16:14:01","date_gmt":"2022-11-23T16:14:01","guid":{"rendered":"https:\/\/sweet-johnson.82-165-61-42.plesk.page\/?post_type=product&#038;p=4861"},"modified":"2022-11-23T16:24:44","modified_gmt":"2022-11-23T16:24:44","slug":"d570gl","status":"publish","type":"product","link":"https:\/\/sweet-johnson.82-165-61-42.plesk.page\/index.php\/product\/d570gl\/","title":{"rendered":"D570GL"},"content":{"rendered":"<p>Lampe explo 1000 Lm avec laser int\u00e9gr\u00e9. Le laser permet de montrer pr\u00e9cis\u00e9ment un poisson, une direction ou un danger sans d\u00e9grader le milieu naturel. Cette lampe fonctionne avec une batterie.<\/p>\n<p><a href=\"https:\/\/sweet-johnson.82-165-61-42.plesk.page\/wp-content\/uploads\/2022\/03\/fdce849c74-d570-2.jpg\"><img loading=\"lazy\" decoding=\"async\" class=\"alignnone wp-image-4610\" src=\"https:\/\/sweet-johnson.82-165-61-42.plesk.page\/wp-content\/uploads\/2022\/03\/fdce849c74-d570-2.jpg\" alt=\"\" width=\"577\" height=\"481\" \/><\/a><\/p>\n<ul>\n<li>Deux sources de lumi\u00e8re: faisceau blanc 8 \u00b0 + lumi\u00e8re laser verte<\/li>\n<li>Op\u00e9ration facile avec interrupteur lat\u00e9ral<\/li>\n<li>Indicateur de batterie Protection intelligente contre la surchauffe<\/li>\n<li>Construction r\u00e9sistante \u00e0 la pression d&#8217;eau, profondeur nominale jusqu&#8217;\u00e0 150 m\u00e8tres<\/li>\n<li>Protection contre l&#8217;inversion de polarit\u00e9, pour \u00e9viter une installation incorrecte de la batterie<\/li>\n<li>Fonction de protection contre les d\u00e9charges<\/li>\n<li>Mat\u00e9riau en aluminium haute r\u00e9sistance de qualit\u00e9 a\u00e9ronautique<\/li>\n<li>La derni\u00e8re finition de r\u00e9sistance \u00e0 la corrosion \u00e0 l&#8217;eau de mer anodis\u00e9e de qualit\u00e9 diamant<\/li>\n<li>Verre tremp\u00e9 \u00e0 deux faces avec r\u00e9sistance \u00e9lev\u00e9e \u00e0 la pression d&#8217;eau dans les eaux profondes<\/li>\n<\/ul>\n<p>Autonomie : Blanc :1h51, Laser : 11h36mn<\/p>\n<p>Distance du faisceau : Blanc : 281m, Laser : &gt;1000m<\/p>\n<p>Intensit\u00e9 : 19800 cd<\/p>\n<p>R\u00e9sistant \u00e0 l&#8217;impact : 1m<\/p>\n<p>Etanche : 150m<\/p>\n<p>Voltage de travail : 3-4.2 V<\/p>\n<p>Accessoires : Une batterie Li-ion 18650, chargeur, cordon, joints toriques<\/p>\n","protected":false},"excerpt":{"rendered":"<p>Lampe de plong\u00e9e D570Gl\u00a0 Orcatorch<\/p>\n","protected":false},"featured_media":4609,"comment_status":"closed","ping_status":"closed","template":"","meta":[],"product_cat":[101],"product_tag":[],"class_list":["post-4861","product","type-product","status-publish","has-post-thumbnail","hentry","product_cat-laser"],"_links":{"self":[{"href":"https:\/\/sweet-johnson.82-165-61-42.plesk.page\/index.php\/wp-json\/wp\/v2\/product\/4861","targetHints":{"allow":["GET"]}}],"collection":[{"href":"https:\/\/sweet-johnson.82-165-61-42.plesk.page\/index.php\/wp-json\/wp\/v2\/product"}],"about":[{"href":"https:\/\/sweet-johnson.82-165-61-42.plesk.page\/index.php\/wp-json\/wp\/v2\/types\/product"}],"replies":[{"embeddable":true,"href":"https:\/\/sweet-johnson.82-165-61-42.plesk.page\/index.php\/wp-json\/wp\/v2\/comments?post=4861"}],"wp:featuredmedia":[{"embeddable":true,"href":"https:\/\/sweet-johnson.82-165-61-42.plesk.page\/index.php\/wp-json\/wp\/v2\/media\/4609"}],"wp:attachment":[{"href":"https:\/\/sweet-johnson.82-165-61-42.plesk.page\/index.php\/wp-json\/wp\/v2\/media?parent=4861"}],"wp:term":[{"taxonomy":"product_cat","embeddable":true,"href":"https:\/\/sweet-johnson.82-165-61-42.plesk.page\/index.php\/wp-json\/wp\/v2\/product_cat?post=4861"},{"taxonomy":"product_tag","embeddable":true,"href":"https:\/\/sweet-johnson.82-165-61-42.plesk.page\/index.php\/wp-json\/wp\/v2\/product_tag?post=4861"}],"curies":[{"name":"wp","href":"https:\/\/api.w.org\/{rel}","templated":true}]}}