{"id":4858,"date":"2022-11-23T15:34:50","date_gmt":"2022-11-23T15:34:50","guid":{"rendered":"https:\/\/sweet-johnson.82-165-61-42.plesk.page\/?post_type=product&#038;p=4858"},"modified":"2022-11-23T15:36:04","modified_gmt":"2022-11-23T15:36:04","slug":"d560","status":"publish","type":"product","link":"https:\/\/sweet-johnson.82-165-61-42.plesk.page\/index.php\/product\/d560\/","title":{"rendered":"D560"},"content":{"rendered":"<p><a href=\"https:\/\/sweet-johnson.82-165-61-42.plesk.page\/wp-content\/uploads\/2022\/03\/D560-1.jpg\"><img loading=\"lazy\" decoding=\"async\" class=\"alignnone size-medium wp-image-4587\" src=\"https:\/\/sweet-johnson.82-165-61-42.plesk.page\/wp-content\/uploads\/2022\/03\/D560-1-555x333.jpg\" alt=\"\" width=\"555\" height=\"333\" \/><\/a><\/p>\n<ul>\n<li>Puissance :\n<ul>\n<li>Pile AA : 180 lumens<\/li>\n<li>Batterie 14500 : 650 lumens<\/li>\n<\/ul>\n<\/li>\n<li>Autonomie :\n<ul>\n<li>Pile AA : 1h25<\/li>\n<li>Batterie 14500 : 1h<\/li>\n<\/ul>\n<\/li>\n<li>Distance du faisceau :\n<ul>\n<li>Pile AA : 73m (sur terre)<\/li>\n<li>Batterie 14500 : 119m (sur terre)<\/li>\n<\/ul>\n<\/li>\n<li>Intensit\u00e9 :\n<ul>\n<li>Pile AA : 1320cd<\/li>\n<li>Batterie 14500 : 3520cd<\/li>\n<\/ul>\n<\/li>\n<li>LED Cree XM-L2 (U2)<\/li>\n<li>Utilise une seule pile AA ou une pile Li-ion 14500<\/li>\n<li>Le commutateur rotatif \u00e0 t\u00eate m\u00e9canique offre une grande fiabilit\u00e9 sous l&#8217;eau<\/li>\n<li>Construction r\u00e9sistant \u00e0 la pression d&#8217;eau, profondeur \u00e9valu\u00e9e \u00e0 150 m\u00e8tres<\/li>\n<li>Circuit de courant constant \u00e0 rendement \u00e9lev\u00e9, luminosit\u00e9 constante<\/li>\n<li>Protection contre l&#8217;inversion de polarit\u00e9, pour \u00e9viter une mauvaise installation de la batterie<\/li>\n<li>Fonction de protection contre la d\u00e9charge excessive<\/li>\n<li>Mat\u00e9riau en aluminium de haute r\u00e9sistance pour a\u00e9ronefs<\/li>\n<li>La derni\u00e8re r\u00e9sistance \u00e0 la corrosion de l&#8217;eau de mer anodis\u00e9e dur de qualit\u00e9 diamant<\/li>\n<li>R\u00e9flecteur en aluminium alli\u00e9 avec analyse optique professionnelle<\/li>\n<li>Verre tremp\u00e9 \u00e0 deux c\u00f4t\u00e9s<\/li>\n<li>R\u00e9sistance impact (chute) : 1m<\/li>\n<li>\u00c9tanch\u00e9it\u00e9 : 150m<\/li>\n<li>Charge de tension : 0,8 &#8211; 4,2 V<\/li>\n<li>Dimensions : 92mm (longueur) x 20mm (diam\u00e8tre) x 24mm (t\u00eate)<\/li>\n<li>Poids net : 47,5g (batterie non incluse)<\/li>\n<\/ul>\n<p>&nbsp;<\/p>\n<p>&nbsp;<\/p>\n","protected":false},"excerpt":{"rendered":"<p>Lampe de plong\u00e9e D560 Orcatorch<\/p>\n","protected":false},"featured_media":4583,"comment_status":"closed","ping_status":"closed","template":"","meta":[],"product_cat":[94,95],"product_tag":[],"class_list":["post-4858","product","type-product","status-publish","has-post-thumbnail","hentry","product_cat-eclairages","product_cat-exploration"],"_links":{"self":[{"href":"https:\/\/sweet-johnson.82-165-61-42.plesk.page\/index.php\/wp-json\/wp\/v2\/product\/4858","targetHints":{"allow":["GET"]}}],"collection":[{"href":"https:\/\/sweet-johnson.82-165-61-42.plesk.page\/index.php\/wp-json\/wp\/v2\/product"}],"about":[{"href":"https:\/\/sweet-johnson.82-165-61-42.plesk.page\/index.php\/wp-json\/wp\/v2\/types\/product"}],"replies":[{"embeddable":true,"href":"https:\/\/sweet-johnson.82-165-61-42.plesk.page\/index.php\/wp-json\/wp\/v2\/comments?post=4858"}],"wp:featuredmedia":[{"embeddable":true,"href":"https:\/\/sweet-johnson.82-165-61-42.plesk.page\/index.php\/wp-json\/wp\/v2\/media\/4583"}],"wp:attachment":[{"href":"https:\/\/sweet-johnson.82-165-61-42.plesk.page\/index.php\/wp-json\/wp\/v2\/media?parent=4858"}],"wp:term":[{"taxonomy":"product_cat","embeddable":true,"href":"https:\/\/sweet-johnson.82-165-61-42.plesk.page\/index.php\/wp-json\/wp\/v2\/product_cat?post=4858"},{"taxonomy":"product_tag","embeddable":true,"href":"https:\/\/sweet-johnson.82-165-61-42.plesk.page\/index.php\/wp-json\/wp\/v2\/product_tag?post=4858"}],"curies":[{"name":"wp","href":"https:\/\/api.w.org\/{rel}","templated":true}]}}