{"id":4855,"date":"2022-11-23T15:13:51","date_gmt":"2022-11-23T15:13:51","guid":{"rendered":"https:\/\/sweet-johnson.82-165-61-42.plesk.page\/?post_type=product&#038;p=4855"},"modified":"2022-11-23T15:13:52","modified_gmt":"2022-11-23T15:13:52","slug":"d550","status":"publish","type":"product","link":"https:\/\/sweet-johnson.82-165-61-42.plesk.page\/index.php\/product\/d550\/","title":{"rendered":"D550"},"content":{"rendered":"<p>Illuminez vos plong\u00e9es sous-marine avec la lampe de plong\u00e9e D550 ORCA TORCH, puissante avec ses 1000 lumens, compacte, pratique avec son interrupteur magn\u00e9tique et sa poign\u00e9e &#8220;goodman&#8221; incluse<\/p>\n<p>La lampe de plong\u00e9e D550 ORCA TORCH est un \u00e9clairage de petite taille \u00e0 interrupteur magn\u00e9tique arri\u00e8re totalement \u00e9tanche pour une utilisation facile sous l&#8217;eau.<\/p>\n<p>La lampe de plong\u00e9e sous-marine D550 Orca Torch offre deux modes de puissances, haute et basse, et un mode stroboscopique pour adapter votre \u00e9clairage aux diff\u00e9rents environnements de plong\u00e9e.<\/p>\n<p>Cette lampe est id\u00e9ale pour une utilisation r\u00e9cr\u00e9ative comme technique en plong\u00e9e sous-marine. Etanche &#8211; 150 m\u00e8tres, jusqu&#8217;\u00e0 5 heures 45 d&#8217;autonomie&#8230;<\/p>\n<p>Il utilise un faisceau de lumi\u00e8re \u00e9troit et concentr\u00e9, parfait pour vous guider dans les environnements les plus sombres, y compris les cavernes et les \u00e9paves&#8230;<\/p>\n<p>&nbsp;<\/p>\n<p><a href=\"https:\/\/sweet-johnson.82-165-61-42.plesk.page\/wp-content\/uploads\/2022\/03\/D550-12.jpg\"><img loading=\"lazy\" decoding=\"async\" class=\"alignnone size-medium wp-image-4579\" src=\"https:\/\/sweet-johnson.82-165-61-42.plesk.page\/wp-content\/uploads\/2022\/03\/D550-12-555x333.jpg\" alt=\"\" width=\"555\" height=\"333\" \/><\/a><\/p>\n<ul>\n<li>LED Cree, sortie 1000 lumens<\/li>\n<li>Utilise une batterie 18650<\/li>\n<li>L&#8217;interrupteur arri\u00e8re \u00e0 commande magn\u00e9tique offre une grande \u00e9tanch\u00e9it\u00e9 et une utilisation facile sous l&#8217;eau<\/li>\n<li>La dragonne incluse en standard fixe la lampe de poche au dos de votre main<\/li>\n<li>Construction r\u00e9sistante \u00e0 la pression de l&#8217;eau, profondeur \u00e9valu\u00e9e \u00e0 &#8211; 150 m\u00e8tres<\/li>\n<li>Circuit \u00e9lectrique constant \u00e0 haut rendement, luminosit\u00e9 constante<\/li>\n<li>Protection contre l&#8217;inversion de polarit\u00e9, pour se prot\u00e9ger d&#8217;une mauvaise installation de la batterie<\/li>\n<li>Fonction de protection contre les d\u00e9charges excessives<\/li>\n<li>R\u00e9flecteur en alliage d&#8217;aluminium avec analyse optique professionnelle, etc.<\/li>\n<\/ul>\n<p>&nbsp;<\/p>\n","protected":false},"excerpt":{"rendered":"<p>Lampe de plong\u00e9e D550 Orcatorch<\/p>\n","protected":false},"featured_media":4570,"comment_status":"closed","ping_status":"closed","template":"","meta":[],"product_cat":[94,95],"product_tag":[],"class_list":["post-4855","product","type-product","status-publish","has-post-thumbnail","hentry","product_cat-eclairages","product_cat-exploration"],"_links":{"self":[{"href":"https:\/\/sweet-johnson.82-165-61-42.plesk.page\/index.php\/wp-json\/wp\/v2\/product\/4855","targetHints":{"allow":["GET"]}}],"collection":[{"href":"https:\/\/sweet-johnson.82-165-61-42.plesk.page\/index.php\/wp-json\/wp\/v2\/product"}],"about":[{"href":"https:\/\/sweet-johnson.82-165-61-42.plesk.page\/index.php\/wp-json\/wp\/v2\/types\/product"}],"replies":[{"embeddable":true,"href":"https:\/\/sweet-johnson.82-165-61-42.plesk.page\/index.php\/wp-json\/wp\/v2\/comments?post=4855"}],"wp:featuredmedia":[{"embeddable":true,"href":"https:\/\/sweet-johnson.82-165-61-42.plesk.page\/index.php\/wp-json\/wp\/v2\/media\/4570"}],"wp:attachment":[{"href":"https:\/\/sweet-johnson.82-165-61-42.plesk.page\/index.php\/wp-json\/wp\/v2\/media?parent=4855"}],"wp:term":[{"taxonomy":"product_cat","embeddable":true,"href":"https:\/\/sweet-johnson.82-165-61-42.plesk.page\/index.php\/wp-json\/wp\/v2\/product_cat?post=4855"},{"taxonomy":"product_tag","embeddable":true,"href":"https:\/\/sweet-johnson.82-165-61-42.plesk.page\/index.php\/wp-json\/wp\/v2\/product_tag?post=4855"}],"curies":[{"name":"wp","href":"https:\/\/api.w.org\/{rel}","templated":true}]}}