{"id":4849,"date":"2022-11-23T13:48:51","date_gmt":"2022-11-23T13:48:51","guid":{"rendered":"https:\/\/sweet-johnson.82-165-61-42.plesk.page\/?post_type=product&#038;p=4849"},"modified":"2022-11-23T15:26:24","modified_gmt":"2022-11-23T15:26:24","slug":"d530v","status":"publish","type":"product","link":"https:\/\/sweet-johnson.82-165-61-42.plesk.page\/index.php\/product\/d530v\/","title":{"rendered":"D530V"},"content":{"rendered":"<p>Phare d&#8217;une intensit\u00e9 de 1200 lumens avec un grand angle d\u2019\u00e9clairage donc id\u00e9al pour la photo\/vid\u00e9o. Indicateur de l\u2019autonomie restante avec le voyant de l\u2019interrupteur qui change de couleur selon l\u2019autonomie restante.<\/p>\n<p><a href=\"https:\/\/sweet-johnson.82-165-61-42.plesk.page\/wp-content\/uploads\/2022\/03\/1561632103901006.jpg\"><img loading=\"lazy\" decoding=\"async\" class=\"alignnone size-medium wp-image-4563\" src=\"https:\/\/sweet-johnson.82-165-61-42.plesk.page\/wp-content\/uploads\/2022\/03\/1561632103901006-555x333.jpg\" alt=\"\" width=\"555\" height=\"333\" \/><\/a><\/p>\n<p>Le phare D530V ORCATORCH est une lampe vid\u00e9o professionnelle subaquatique rechargeable avec une puissance maximale de 1200 lumens. Il dispose d&#8217;un \u00e9clairage extra large de 140 degr\u00e9s sans angle mort pour la photographie sous-marine. La lampe utilise un interrupteur lat\u00e9ral en alliage de titane qui offre 2 modes d&#8217;\u00e9clairage, ce qui facilite son utilisation sous l&#8217;eau. Le voyant LED situ\u00e9 sur le bouton de l&#8217;interrupteur vous permet \u00e9galement de conna\u00eetre la charge restante de la batterie.<\/p>\n<h3>Bouton lat\u00e9ral en alliage de titane, \u00e9clairage simple :<br \/>\nLa lampe D530V utilise un interrupteur lat\u00e9ral en alliage de titane qui offre 2 modes d&#8217;\u00e9clairage, le mode haut 1200 lumens et le mode bas 290 lumens, ce qui permet une utilisation facile sous l&#8217;eau. La fonction de verrouillage s\u00e9curis\u00e9 permet d&#8217;\u00e9viter les dysfonctionnements.<\/h3>\n<p>Indicateur de batterie:<br \/>\nLe voyant LED situ\u00e9 sur le bouton de l&#8217;interrupteur vous permet \u00e9galement de conna\u00eetre la charge restante de la batterie.<\/p>\n<p>Construction r\u00e9sistant \u00e0 la pression de l&#8217;eau:<\/p>\n<p>Mat\u00e9riau en aluminium \u00e0 haute r\u00e9sistance, de qualit\u00e9 a\u00e9ronautique, verre tremp\u00e9 enduit des deux c\u00f4t\u00e9s avec r\u00e9sistance \u00e9lev\u00e9e \u00e0 la pression d&#8217;eau sous l&#8217;eau profonde 150m<\/p>\n<p>1 CREE LED, max 1200 lumens<\/p>\n<p>1 batterie rechargeable 18650 Ion-Lithium<\/p>\n<p>Angle de faisceau super large de 140 \u00b0<\/p>\n<p>Utilisation facile avec bouton-poussoir lat\u00e9ral en alliage de titane,<\/p>\n<p>Indicateur de batterie<\/p>\n<p>Fonction de verrouillage s\u00fbre, emp\u00eache une mauvaise op\u00e9ration<\/p>\n<p>Protection intelligente contre la chaleur<\/p>\n<p>Construction r\u00e9sistante \u00e0 la pression d&#8217;eau, profondeur nominale jusqu&#8217;\u00e0 150 m\u00e8tres<\/p>\n<p>Protection contre l&#8217;inversion de polarit\u00e9, pour \u00e9viter une installation incorrecte de la batterie<\/p>\n<p>Fonction de protection contre les d\u00e9charges<\/p>\n<p>Mat\u00e9riau en aluminium \u00e0 haute r\u00e9sistance de qualit\u00e9 a\u00e9ronautique<\/p>\n<p>La derni\u00e8re finition de r\u00e9sistance \u00e0 la corrosion \u00e0 l&#8217;eau de mer anodis\u00e9e de qualit\u00e9 diamant<\/p>\n<p>Verre tremp\u00e9 \u00e0 deux faces avec r\u00e9sistance \u00e9lev\u00e9e \u00e0 la pression de l&#8217;eau sous les eaux profondes<\/p>\n<p>Caract\u00e9ristiques:<\/p>\n<p>Poids avec batterie: 145g<\/p>\n<p>Dimension: 142mm (Longueur) x 25.5mm (Diam\u00e8tre) x 35.5mm (T\u00eate)<\/p>\n<p>Poids net: 136g (sans la batterie)<\/p>\n<p>Autonomie : 1h25 avec batterie AA, batterie14500 : 1h<\/p>\n<p>Distance du faisceau : 73m (sur terre) avec batterie AA, batterie14500: 119m (sur terre)<\/p>\n<p>Intensit\u00e9 : 1320cd avec batterie AA, batterie14500 : 3520cd<\/p>\n<p>R\u00e9sistance \u00e0 l&#8217;impact : 1m<\/p>\n<p>Etanche : 150m<\/p>\n<p>Voltage de travail : 0.8-4.2V<\/p>\n<p>Accessoires : O-ring, dragonne<\/p>\n","protected":false},"excerpt":{"rendered":"<p>Lampe de plong\u00e9e D530V Orcatorch<\/p>\n","protected":false},"featured_media":4558,"comment_status":"closed","ping_status":"closed","template":"","meta":[],"product_cat":[94,96],"product_tag":[],"class_list":["post-4849","product","type-product","status-publish","has-post-thumbnail","hentry","product_cat-eclairages","product_cat-videos"],"_links":{"self":[{"href":"https:\/\/sweet-johnson.82-165-61-42.plesk.page\/index.php\/wp-json\/wp\/v2\/product\/4849","targetHints":{"allow":["GET"]}}],"collection":[{"href":"https:\/\/sweet-johnson.82-165-61-42.plesk.page\/index.php\/wp-json\/wp\/v2\/product"}],"about":[{"href":"https:\/\/sweet-johnson.82-165-61-42.plesk.page\/index.php\/wp-json\/wp\/v2\/types\/product"}],"replies":[{"embeddable":true,"href":"https:\/\/sweet-johnson.82-165-61-42.plesk.page\/index.php\/wp-json\/wp\/v2\/comments?post=4849"}],"wp:featuredmedia":[{"embeddable":true,"href":"https:\/\/sweet-johnson.82-165-61-42.plesk.page\/index.php\/wp-json\/wp\/v2\/media\/4558"}],"wp:attachment":[{"href":"https:\/\/sweet-johnson.82-165-61-42.plesk.page\/index.php\/wp-json\/wp\/v2\/media?parent=4849"}],"wp:term":[{"taxonomy":"product_cat","embeddable":true,"href":"https:\/\/sweet-johnson.82-165-61-42.plesk.page\/index.php\/wp-json\/wp\/v2\/product_cat?post=4849"},{"taxonomy":"product_tag","embeddable":true,"href":"https:\/\/sweet-johnson.82-165-61-42.plesk.page\/index.php\/wp-json\/wp\/v2\/product_tag?post=4849"}],"curies":[{"name":"wp","href":"https:\/\/api.w.org\/{rel}","templated":true}]}}